{"id":323,"date":"2022-09-28T14:54:12","date_gmt":"2022-09-28T12:54:12","guid":{"rendered":"https:\/\/siondansait85.fr\/?page_id=323"},"modified":"2024-03-09T05:12:30","modified_gmt":"2024-03-09T04:12:30","slug":"nos-soirees","status":"publish","type":"page","link":"https:\/\/siondansait85.fr\/index.php\/nos-soirees\/","title":{"rendered":"Nos soir\u00e9es"},"content":{"rendered":"\n<p class=\"has-text-align-center has-large-font-size\"><img loading=\"lazy\" height=\"16\" width=\"16\" src=\"https:\/\/static.xx.fbcdn.net\/images\/emoji.php\/v9\/t5\/3\/16\/1f483.png\" alt=\"\ud83d\udc83\">  Diner Dansant 2024 <img loading=\"lazy\" height=\"16\" width=\"16\" src=\"https:\/\/static.xx.fbcdn.net\/images\/emoji.php\/v9\/td5\/3\/16\/1f57a.png\" alt=\"\ud83d\udd7a\"><\/p>\n\n\n\n<p class=\"has-text-align-center has-medium-font-size\"><strong>Participez au d\u00eener dansant annuel du club<\/strong><\/p>\n\n\n\n<figure class=\"wp-block-image size-large\"><img loading=\"lazy\" width=\"807\" height=\"1024\" src=\"https:\/\/siondansait85.fr\/wp-content\/uploads\/2024\/03\/diner-dansant-807x1024.png\" alt=\"\" class=\"wp-image-477\" srcset=\"https:\/\/siondansait85.fr\/wp-content\/uploads\/2024\/03\/diner-dansant-807x1024.png 807w, https:\/\/siondansait85.fr\/wp-content\/uploads\/2024\/03\/diner-dansant-237x300.png 237w, https:\/\/siondansait85.fr\/wp-content\/uploads\/2024\/03\/diner-dansant-768x974.png 768w, https:\/\/siondansait85.fr\/wp-content\/uploads\/2024\/03\/diner-dansant-1211x1536.png 1211w, https:\/\/siondansait85.fr\/wp-content\/uploads\/2024\/03\/diner-dansant.png 1226w\" sizes=\"(max-width: 706px) 89vw, (max-width: 767px) 82vw, 740px\" \/><\/figure>\n\n\n\n<p class=\"has-text-align-center\">Pour toutes questions, vous pouvez contacter : Notre pr\u00e9sident Mr Guy THIBAUD : 02.51.69.57.35 ou notre secr\u00e9taire Mme Cathy LAURENT : 06.87.50.06.86<\/p>\n\n\n\n<h4 class=\"has-text-align-center\"><em><strong>Archives des soir\u00e9es organis\u00e9es durant la saison 2022 &#8211; 2023<\/strong><\/em><\/h4>\n\n\n\n<div class=\"wp-container-3 wp-block-columns\">\n<div class=\"wp-container-1 wp-block-column\">\n<div class=\"wp-block-jetpack-slideshow aligncenter\" data-effect=\"slide\"><div class=\"wp-block-jetpack-slideshow_container swiper-container\"><ul class=\"wp-block-jetpack-slideshow_swiper-wrapper swiper-wrapper\"><li class=\"wp-block-jetpack-slideshow_slide swiper-slide\"><figure><img loading=\"lazy\" width=\"768\" height=\"1024\" alt=\"\" class=\"wp-block-jetpack-slideshow_image wp-image-311\" data-id=\"311\" src=\"http:\/\/siondansait85.fr\/wp-content\/uploads\/2022\/09\/flyer-danse-salon-fontenay-cours-768x1024.jpg\" srcset=\"https:\/\/siondansait85.fr\/wp-content\/uploads\/2022\/09\/flyer-danse-salon-fontenay-cours-768x1024.jpg 768w, https:\/\/siondansait85.fr\/wp-content\/uploads\/2022\/09\/flyer-danse-salon-fontenay-cours-225x300.jpg 225w, https:\/\/siondansait85.fr\/wp-content\/uploads\/2022\/09\/flyer-danse-salon-fontenay-cours-1152x1536.jpg 1152w, https:\/\/siondansait85.fr\/wp-content\/uploads\/2022\/09\/flyer-danse-salon-fontenay-cours.jpg 1246w\" sizes=\"(max-width: 706px) 89vw, (max-width: 767px) 82vw, 740px\" \/><figcaption class=\"wp-block-jetpack-slideshow_caption gallery-caption\">Inscriptions 2022-2023<\/figcaption><\/figure><\/li><li class=\"wp-block-jetpack-slideshow_slide swiper-slide\"><figure><img loading=\"lazy\" width=\"576\" height=\"1024\" alt=\"\" class=\"wp-block-jetpack-slideshow_image wp-image-317\" data-id=\"317\" src=\"http:\/\/siondansait85.fr\/wp-content\/uploads\/2022\/09\/308126298_1293782151430630_2273441083078239784_n-576x1024.png\" srcset=\"https:\/\/siondansait85.fr\/wp-content\/uploads\/2022\/09\/308126298_1293782151430630_2273441083078239784_n-576x1024.png 576w, https:\/\/siondansait85.fr\/wp-content\/uploads\/2022\/09\/308126298_1293782151430630_2273441083078239784_n-169x300.png 169w, https:\/\/siondansait85.fr\/wp-content\/uploads\/2022\/09\/308126298_1293782151430630_2273441083078239784_n-768x1365.png 768w, https:\/\/siondansait85.fr\/wp-content\/uploads\/2022\/09\/308126298_1293782151430630_2273441083078239784_n-864x1536.png 864w, https:\/\/siondansait85.fr\/wp-content\/uploads\/2022\/09\/308126298_1293782151430630_2273441083078239784_n.png 1080w\" sizes=\"(max-width: 576px) 100vw, 576px\" \/><figcaption class=\"wp-block-jetpack-slideshow_caption gallery-caption\">Pot d&rsquo;accueil 2022<\/figcaption><\/figure><\/li><li class=\"wp-block-jetpack-slideshow_slide swiper-slide\"><figure><img loading=\"lazy\" width=\"1024\" height=\"537\" alt=\"\" class=\"wp-block-jetpack-slideshow_image wp-image-375\" data-id=\"375\" src=\"http:\/\/siondansait85.fr\/wp-content\/uploads\/2023\/02\/Forum-des-associations_2023-1024x537.jpg\" srcset=\"https:\/\/siondansait85.fr\/wp-content\/uploads\/2023\/02\/Forum-des-associations_2023-1024x537.jpg 1024w, https:\/\/siondansait85.fr\/wp-content\/uploads\/2023\/02\/Forum-des-associations_2023-300x157.jpg 300w, https:\/\/siondansait85.fr\/wp-content\/uploads\/2023\/02\/Forum-des-associations_2023-768x402.jpg 768w, https:\/\/siondansait85.fr\/wp-content\/uploads\/2023\/02\/Forum-des-associations_2023-1536x805.jpg 1536w, https:\/\/siondansait85.fr\/wp-content\/uploads\/2023\/02\/Forum-des-associations_2023.jpg 1941w\" sizes=\"(max-width: 706px) 89vw, (max-width: 767px) 82vw, 740px\" \/><figcaption class=\"wp-block-jetpack-slideshow_caption gallery-caption\">Forum des associations 2022<\/figcaption><\/figure><\/li><\/ul><a class=\"wp-block-jetpack-slideshow_button-prev swiper-button-prev swiper-button-white\" role=\"button\"><\/a><a class=\"wp-block-jetpack-slideshow_button-next swiper-button-next swiper-button-white\" role=\"button\"><\/a><a aria-label=\"Pause Slideshow\" class=\"wp-block-jetpack-slideshow_button-pause\" role=\"button\"><\/a><div class=\"wp-block-jetpack-slideshow_pagination swiper-pagination swiper-pagination-white\"><\/div><\/div><\/div>\n<\/div>\n\n\n\n<div class=\"wp-container-2 wp-block-column\">\n<div class=\"wp-block-jetpack-slideshow aligncenter\" data-effect=\"slide\"><div class=\"wp-block-jetpack-slideshow_container swiper-container\"><ul class=\"wp-block-jetpack-slideshow_swiper-wrapper swiper-wrapper\"><li class=\"wp-block-jetpack-slideshow_slide swiper-slide\"><figure><img loading=\"lazy\" width=\"819\" height=\"1024\" alt=\"\" class=\"wp-block-jetpack-slideshow_image wp-image-373\" data-id=\"373\" src=\"http:\/\/siondansait85.fr\/wp-content\/uploads\/2023\/02\/Soiree-espagnole-2023-819x1024.jpg\" srcset=\"https:\/\/siondansait85.fr\/wp-content\/uploads\/2023\/02\/Soiree-espagnole-2023-819x1024.jpg 819w, https:\/\/siondansait85.fr\/wp-content\/uploads\/2023\/02\/Soiree-espagnole-2023-240x300.jpg 240w, https:\/\/siondansait85.fr\/wp-content\/uploads\/2023\/02\/Soiree-espagnole-2023-768x960.jpg 768w, https:\/\/siondansait85.fr\/wp-content\/uploads\/2023\/02\/Soiree-espagnole-2023-1229x1536.jpg 1229w, https:\/\/siondansait85.fr\/wp-content\/uploads\/2023\/02\/Soiree-espagnole-2023.jpg 1440w\" sizes=\"(max-width: 706px) 89vw, (max-width: 767px) 82vw, 740px\" \/><figcaption class=\"wp-block-jetpack-slideshow_caption gallery-caption\">Soir\u00e9e espagnole 2023<\/figcaption><\/figure><\/li><li class=\"wp-block-jetpack-slideshow_slide swiper-slide\"><figure><img loading=\"lazy\" width=\"758\" height=\"1024\" alt=\"\" class=\"wp-block-jetpack-slideshow_image wp-image-374\" data-id=\"374\" src=\"http:\/\/siondansait85.fr\/wp-content\/uploads\/2023\/02\/DINER-DANSANT-2023-758x1024.jpg\" srcset=\"https:\/\/siondansait85.fr\/wp-content\/uploads\/2023\/02\/DINER-DANSANT-2023-758x1024.jpg 758w, https:\/\/siondansait85.fr\/wp-content\/uploads\/2023\/02\/DINER-DANSANT-2023-222x300.jpg 222w, https:\/\/siondansait85.fr\/wp-content\/uploads\/2023\/02\/DINER-DANSANT-2023-768x1037.jpg 768w, https:\/\/siondansait85.fr\/wp-content\/uploads\/2023\/02\/DINER-DANSANT-2023.jpg 1058w\" sizes=\"(max-width: 706px) 89vw, (max-width: 767px) 82vw, 740px\" \/><figcaption class=\"wp-block-jetpack-slideshow_caption gallery-caption\">Diner dansant 2023<\/figcaption><\/figure><\/li><li class=\"wp-block-jetpack-slideshow_slide swiper-slide\"><figure><img loading=\"lazy\" width=\"724\" height=\"1024\" alt=\"\" class=\"wp-block-jetpack-slideshow_image wp-image-387\" data-id=\"387\" src=\"http:\/\/siondansait85.fr\/wp-content\/uploads\/2023\/05\/Blue-Modern-Reminder-Poster-Portrait-724x1024.png\" srcset=\"https:\/\/siondansait85.fr\/wp-content\/uploads\/2023\/05\/Blue-Modern-Reminder-Poster-Portrait-724x1024.png 724w, https:\/\/siondansait85.fr\/wp-content\/uploads\/2023\/05\/Blue-Modern-Reminder-Poster-Portrait-212x300.png 212w, https:\/\/siondansait85.fr\/wp-content\/uploads\/2023\/05\/Blue-Modern-Reminder-Poster-Portrait-768x1086.png 768w, https:\/\/siondansait85.fr\/wp-content\/uploads\/2023\/05\/Blue-Modern-Reminder-Poster-Portrait-1086x1536.png 1086w, https:\/\/siondansait85.fr\/wp-content\/uploads\/2023\/05\/Blue-Modern-Reminder-Poster-Portrait.png 1414w\" sizes=\"(max-width: 724px) 100vw, 724px\" \/><figcaption class=\"wp-block-jetpack-slideshow_caption gallery-caption\">Assembl\u00e9e g\u00e9n\u00e9rale 2023<\/figcaption><\/figure><\/li><\/ul><a class=\"wp-block-jetpack-slideshow_button-prev swiper-button-prev swiper-button-white\" role=\"button\"><\/a><a class=\"wp-block-jetpack-slideshow_button-next swiper-button-next swiper-button-white\" role=\"button\"><\/a><a aria-label=\"Pause Slideshow\" class=\"wp-block-jetpack-slideshow_button-pause\" role=\"button\"><\/a><div class=\"wp-block-jetpack-slideshow_pagination swiper-pagination swiper-pagination-white\"><\/div><\/div><\/div>\n<\/div>\n<\/div>\n","protected":false},"excerpt":{"rendered":"<p>Diner Dansant 2024 Participez au d\u00eener dansant annuel du club Pour toutes questions, vous pouvez contacter : Notre pr\u00e9sident Mr Guy THIBAUD : 02.51.69.57.35 ou notre secr\u00e9taire Mme Cathy LAURENT : 06.87.50.06.86 Archives des soir\u00e9es organis\u00e9es durant la saison 2022 &#8211; 2023<\/p>\n","protected":false},"author":1,"featured_media":0,"parent":0,"menu_order":0,"comment_status":"closed","ping_status":"closed","template":"","meta":[],"_links":{"self":[{"href":"https:\/\/siondansait85.fr\/index.php\/wp-json\/wp\/v2\/pages\/323"}],"collection":[{"href":"https:\/\/siondansait85.fr\/index.php\/wp-json\/wp\/v2\/pages"}],"about":[{"href":"https:\/\/siondansait85.fr\/index.php\/wp-json\/wp\/v2\/types\/page"}],"author":[{"embeddable":true,"href":"https:\/\/siondansait85.fr\/index.php\/wp-json\/wp\/v2\/users\/1"}],"replies":[{"embeddable":true,"href":"https:\/\/siondansait85.fr\/index.php\/wp-json\/wp\/v2\/comments?post=323"}],"version-history":[{"count":16,"href":"https:\/\/siondansait85.fr\/index.php\/wp-json\/wp\/v2\/pages\/323\/revisions"}],"predecessor-version":[{"id":478,"href":"https:\/\/siondansait85.fr\/index.php\/wp-json\/wp\/v2\/pages\/323\/revisions\/478"}],"wp:attachment":[{"href":"https:\/\/siondansait85.fr\/index.php\/wp-json\/wp\/v2\/media?parent=323"}],"curies":[{"name":"wp","href":"https:\/\/api.w.org\/{rel}","templated":true}]}}