{"id":330,"date":"2022-10-04T04:50:20","date_gmt":"2022-10-04T02:50:20","guid":{"rendered":"https:\/\/siondansait85.fr\/?page_id=330"},"modified":"2023-08-24T05:19:38","modified_gmt":"2023-08-24T03:19:38","slug":"debutant","status":"publish","type":"page","link":"https:\/\/siondansait85.fr\/index.php\/planning-2\/debutant\/","title":{"rendered":"D\u00e9butant"},"content":{"rendered":"\n<p class=\"has-text-align-center\">Veuillez trouver ci-dessous le planning du groupe <strong>d\u00e9butant <\/strong>pour la saison 2023-2024. <br>Si vous le souhaitez nous pouvons vous l&rsquo;envoyer par mail, n&rsquo;h\u00e9sitez pas \u00e0 le demande lors du prochain cours.<\/p>\n\n\n<div class=\"wp-block-image\">\n<figure class=\"aligncenter size-large\"><img loading=\"lazy\" width=\"619\" height=\"1024\" src=\"https:\/\/siondansait85.fr\/wp-content\/uploads\/2023\/08\/DEB-PLANNING-619x1024.jpg\" alt=\"\" class=\"wp-image-472\" srcset=\"https:\/\/siondansait85.fr\/wp-content\/uploads\/2023\/08\/DEB-PLANNING-619x1024.jpg 619w, https:\/\/siondansait85.fr\/wp-content\/uploads\/2023\/08\/DEB-PLANNING-181x300.jpg 181w, https:\/\/siondansait85.fr\/wp-content\/uploads\/2023\/08\/DEB-PLANNING-768x1270.jpg 768w, https:\/\/siondansait85.fr\/wp-content\/uploads\/2023\/08\/DEB-PLANNING-929x1536.jpg 929w, https:\/\/siondansait85.fr\/wp-content\/uploads\/2023\/08\/DEB-PLANNING.jpg 1005w\" sizes=\"(max-width: 619px) 100vw, 619px\" \/><\/figure><\/div>\n\n\n<p class=\"has-text-align-center\">Si toutefois il y avait un changement d&rsquo;heure ou de lieu vous serez pr\u00e9venu par mail en amont par un membre du bureau.<\/p>\n","protected":false},"excerpt":{"rendered":"<p>Veuillez trouver ci-dessous le planning du groupe d\u00e9butant pour la saison 2023-2024. Si vous le souhaitez nous pouvons vous l&rsquo;envoyer par mail, n&rsquo;h\u00e9sitez pas \u00e0 le demande lors du prochain cours. Si toutefois il y avait un changement d&rsquo;heure ou de lieu vous serez pr\u00e9venu par mail en amont par un membre du bureau.<\/p>\n","protected":false},"author":1,"featured_media":0,"parent":88,"menu_order":1,"comment_status":"closed","ping_status":"closed","template":"","meta":[],"_links":{"self":[{"href":"https:\/\/siondansait85.fr\/index.php\/wp-json\/wp\/v2\/pages\/330"}],"collection":[{"href":"https:\/\/siondansait85.fr\/index.php\/wp-json\/wp\/v2\/pages"}],"about":[{"href":"https:\/\/siondansait85.fr\/index.php\/wp-json\/wp\/v2\/types\/page"}],"author":[{"embeddable":true,"href":"https:\/\/siondansait85.fr\/index.php\/wp-json\/wp\/v2\/users\/1"}],"replies":[{"embeddable":true,"href":"https:\/\/siondansait85.fr\/index.php\/wp-json\/wp\/v2\/comments?post=330"}],"version-history":[{"count":10,"href":"https:\/\/siondansait85.fr\/index.php\/wp-json\/wp\/v2\/pages\/330\/revisions"}],"predecessor-version":[{"id":474,"href":"https:\/\/siondansait85.fr\/index.php\/wp-json\/wp\/v2\/pages\/330\/revisions\/474"}],"up":[{"embeddable":true,"href":"https:\/\/siondansait85.fr\/index.php\/wp-json\/wp\/v2\/pages\/88"}],"wp:attachment":[{"href":"https:\/\/siondansait85.fr\/index.php\/wp-json\/wp\/v2\/media?parent=330"}],"curies":[{"name":"wp","href":"https:\/\/api.w.org\/{rel}","templated":true}]}}