{"id":393,"date":"2023-08-18T05:38:02","date_gmt":"2023-08-18T03:38:02","guid":{"rendered":"https:\/\/siondansait85.fr\/?page_id=393"},"modified":"2023-08-18T05:40:21","modified_gmt":"2023-08-18T03:40:21","slug":"membres-du-bureau","status":"publish","type":"page","link":"https:\/\/siondansait85.fr\/index.php\/membres-du-bureau\/","title":{"rendered":"Membres du bureau"},"content":{"rendered":"\n<p class=\"has-text-align-center\">Voici la composition du bureau pour la saison 2023-2024<\/p>\n\n\n\n<div class=\"wp-container-5 wp-block-columns\">\n<div class=\"wp-container-4 wp-block-column\">\n<div class=\"wp-container-1 wp-block-group\"><div class=\"wp-block-group__inner-container\">\n<p class=\"has-text-align-center\"><span style=\"text-decoration: underline;\">Pr\u00e9sident <\/span>: Mr THIBAUD Guy<br>Vice pr\u00e9sident : Mr BILLAUD Jean-Pierre<\/p>\n<\/div><\/div>\n\n\n\n<div class=\"wp-container-2 wp-block-group\"><div class=\"wp-block-group__inner-container\">\n<p class=\"has-text-align-center\"><span style=\"text-decoration: underline;\">Tr\u00e9sori\u00e8re :<\/span> Mme CRABEIL Marie-Pierre<br>Tr\u00e9sori\u00e8re Adjointe : Mme BOULEAU-CHABOT Chantal<\/p>\n<\/div><\/div>\n\n\n\n<div class=\"wp-container-3 wp-block-group\"><div class=\"wp-block-group__inner-container\">\n<p class=\"has-text-align-center\"><span style=\"text-decoration: underline;\">Secr\u00e9taire :<\/span> Mme LAURENT Catherine<br>Secr\u00e9taire Adjointe : Mme LOGEAIS Emmanuelle<\/p>\n<\/div><\/div>\n\n\n\n<p class=\"has-text-align-center\"><span style=\"text-decoration: underline;\">Membres actifs :<\/span> Mme BELDON Victoria, Mr CHAIGNEAU Dominique et Mr LAFOUGE William<\/p>\n\n\n<div class=\"wp-block-image\">\n<figure class=\"aligncenter size-large\"><img loading=\"lazy\" width=\"1024\" height=\"490\" src=\"https:\/\/siondansait85.fr\/wp-content\/uploads\/2023\/08\/IMG_2822-1024x490.jpeg\" alt=\"\" class=\"wp-image-395\" srcset=\"https:\/\/siondansait85.fr\/wp-content\/uploads\/2023\/08\/IMG_2822-1024x490.jpeg 1024w, https:\/\/siondansait85.fr\/wp-content\/uploads\/2023\/08\/IMG_2822-300x144.jpeg 300w, https:\/\/siondansait85.fr\/wp-content\/uploads\/2023\/08\/IMG_2822-768x368.jpeg 768w, https:\/\/siondansait85.fr\/wp-content\/uploads\/2023\/08\/IMG_2822.jpeg 1536w\" sizes=\"(max-width: 706px) 89vw, (max-width: 767px) 82vw, 740px\" \/><figcaption>Assembl\u00e9e G\u00e9n\u00e9rale du 3 juin 2023 \u00e0 la salle de Saint-M\u00e9dard, Fontenay-le-Comte<\/figcaption><\/figure><\/div><\/div>\n<\/div>\n","protected":false},"excerpt":{"rendered":"<p>Voici la composition du bureau pour la saison 2023-2024 Pr\u00e9sident : Mr THIBAUD GuyVice pr\u00e9sident : Mr BILLAUD Jean-Pierre Tr\u00e9sori\u00e8re : Mme CRABEIL Marie-PierreTr\u00e9sori\u00e8re Adjointe : Mme BOULEAU-CHABOT Chantal Secr\u00e9taire : Mme LAURENT CatherineSecr\u00e9taire Adjointe : Mme LOGEAIS Emmanuelle Membres actifs : Mme BELDON Victoria, Mr CHAIGNEAU Dominique et Mr LAFOUGE William<\/p>\n","protected":false},"author":1,"featured_media":0,"parent":0,"menu_order":0,"comment_status":"closed","ping_status":"closed","template":"","meta":[],"_links":{"self":[{"href":"https:\/\/siondansait85.fr\/index.php\/wp-json\/wp\/v2\/pages\/393"}],"collection":[{"href":"https:\/\/siondansait85.fr\/index.php\/wp-json\/wp\/v2\/pages"}],"about":[{"href":"https:\/\/siondansait85.fr\/index.php\/wp-json\/wp\/v2\/types\/page"}],"author":[{"embeddable":true,"href":"https:\/\/siondansait85.fr\/index.php\/wp-json\/wp\/v2\/users\/1"}],"replies":[{"embeddable":true,"href":"https:\/\/siondansait85.fr\/index.php\/wp-json\/wp\/v2\/comments?post=393"}],"version-history":[{"count":3,"href":"https:\/\/siondansait85.fr\/index.php\/wp-json\/wp\/v2\/pages\/393\/revisions"}],"predecessor-version":[{"id":399,"href":"https:\/\/siondansait85.fr\/index.php\/wp-json\/wp\/v2\/pages\/393\/revisions\/399"}],"wp:attachment":[{"href":"https:\/\/siondansait85.fr\/index.php\/wp-json\/wp\/v2\/media?parent=393"}],"curies":[{"name":"wp","href":"https:\/\/api.w.org\/{rel}","templated":true}]}}