{"id":66,"date":"2019-08-15T22:23:49","date_gmt":"2019-08-15T20:23:49","guid":{"rendered":"http:\/\/siondansait85.fr\/?page_id=66"},"modified":"2023-08-22T08:45:13","modified_gmt":"2023-08-22T06:45:13","slug":"les-salles","status":"publish","type":"page","link":"https:\/\/siondansait85.fr\/index.php\/les-salles\/","title":{"rendered":"Salles"},"content":{"rendered":"\n<p>Vous trouverez sur cette page, l&rsquo;adresse des diff\u00e9rentes salles dans lesquelles nous serons amen\u00e9s \u00e0 danser.<\/p>\n\n\n\n<div class=\"wp-container-3 wp-block-group\"><div class=\"wp-block-group__inner-container\">\n<p><strong>Salle de St M\u00e9dard-des-Pr\u00e9s, <\/strong>rue de la Villa Gallo Romaine, Fontenay-le-Comte<\/p>\n\n\n\n<div class=\"wp-container-2 wp-block-columns\">\n<div class=\"wp-container-1 wp-block-column\" style=\"flex-basis:100%\"><div class=\"wp-block-image\">\n<figure class=\"aligncenter size-full\"><img loading=\"lazy\" width=\"800\" height=\"477\" src=\"https:\/\/siondansait85.fr\/wp-content\/uploads\/2023\/08\/SAINT-MED-1.jpg\" alt=\"\" class=\"wp-image-465\" srcset=\"https:\/\/siondansait85.fr\/wp-content\/uploads\/2023\/08\/SAINT-MED-1.jpg 800w, https:\/\/siondansait85.fr\/wp-content\/uploads\/2023\/08\/SAINT-MED-1-300x179.jpg 300w, https:\/\/siondansait85.fr\/wp-content\/uploads\/2023\/08\/SAINT-MED-1-768x458.jpg 768w\" sizes=\"(max-width: 706px) 89vw, (max-width: 767px) 82vw, 740px\" \/><figcaption>Cliquez sur l&rsquo;image pour plus de d\u00e9tails &#8211; www.fontenay-le-comte.fr<\/figcaption><\/figure><\/div><\/div>\n<\/div>\n<\/div><\/div>\n\n\n<p><strong>Salle des \u0152uvres Post Scolaires (OPS)<\/strong>, 104 rue de la R\u00e9publique, Fontenay-le-Comte<\/p>\n\n\n<figure class=\"wp-container-5 wp-block-gallery-4 wp-block-gallery has-nested-images columns-default is-cropped\">\n<figure class=\"wp-block-image size-large\"><a href=\"https:\/\/www.fontenay-le-comte.fr\/espace-vie-associative\/reservations-salles\/285-salle-des-ops\"><img loading=\"lazy\" width=\"800\" height=\"533\" data-id=\"461\"  src=\"https:\/\/siondansait85.fr\/wp-content\/uploads\/2023\/08\/salle-des-ops-12.jpeg\" alt=\"\" class=\"wp-image-461\" srcset=\"https:\/\/siondansait85.fr\/wp-content\/uploads\/2023\/08\/salle-des-ops-12.jpeg 800w, https:\/\/siondansait85.fr\/wp-content\/uploads\/2023\/08\/salle-des-ops-12-300x200.jpeg 300w, https:\/\/siondansait85.fr\/wp-content\/uploads\/2023\/08\/salle-des-ops-12-768x512.jpeg 768w\" sizes=\"(max-width: 706px) 89vw, (max-width: 767px) 82vw, 740px\" \/><\/a><figcaption>Cliquez sur l&rsquo;image pour plus de d\u00e9tails &#8211; www.fontenay-le-comte.fr<\/figcaption><\/figure>\n<\/figure>\n\n\n\n<hr class=\"wp-block-separator has-alpha-channel-opacity\"\/>\n\n\n<p><strong>Salle Jean Jaur\u00e8s,<\/strong> 32 rue du Gaingalet, Fontenay-le-Comte<\/p>\n\n\n<figure class=\"wp-block-image size-full\"><a href=\"https:\/\/www.fontenay-le-comte.fr\/espace-vie-associative\/reservations-salles\/286-salle-jean-jaures\"><img loading=\"lazy\" width=\"800\" height=\"534\" src=\"https:\/\/siondansait85.fr\/wp-content\/uploads\/2023\/08\/Salle-jean-jaures.jpg\" alt=\"\" class=\"wp-image-463\" srcset=\"https:\/\/siondansait85.fr\/wp-content\/uploads\/2023\/08\/Salle-jean-jaures.jpg 800w, https:\/\/siondansait85.fr\/wp-content\/uploads\/2023\/08\/Salle-jean-jaures-300x200.jpg 300w, https:\/\/siondansait85.fr\/wp-content\/uploads\/2023\/08\/Salle-jean-jaures-768x513.jpg 768w\" sizes=\"(max-width: 706px) 89vw, (max-width: 767px) 82vw, 740px\" \/><\/a><figcaption>Cliquez sur l&rsquo;image pour plus de d\u00e9tails &#8211; www.fontenay-le-comte.fr<\/figcaption><\/figure>\n","protected":false},"excerpt":{"rendered":"<p>Vous trouverez sur cette page, l&rsquo;adresse des diff\u00e9rentes salles dans lesquelles nous serons amen\u00e9s \u00e0 danser. Salle de St M\u00e9dard-des-Pr\u00e9s, rue de la Villa Gallo Romaine, Fontenay-le-Comte Salle des \u0152uvres Post Scolaires (OPS), 104 rue de la R\u00e9publique, Fontenay-le-Comte Salle Jean Jaur\u00e8s, 32 rue du Gaingalet, Fontenay-le-Comte<\/p>\n","protected":false},"author":1,"featured_media":0,"parent":0,"menu_order":0,"comment_status":"closed","ping_status":"closed","template":"","meta":[],"_links":{"self":[{"href":"https:\/\/siondansait85.fr\/index.php\/wp-json\/wp\/v2\/pages\/66"}],"collection":[{"href":"https:\/\/siondansait85.fr\/index.php\/wp-json\/wp\/v2\/pages"}],"about":[{"href":"https:\/\/siondansait85.fr\/index.php\/wp-json\/wp\/v2\/types\/page"}],"author":[{"embeddable":true,"href":"https:\/\/siondansait85.fr\/index.php\/wp-json\/wp\/v2\/users\/1"}],"replies":[{"embeddable":true,"href":"https:\/\/siondansait85.fr\/index.php\/wp-json\/wp\/v2\/comments?post=66"}],"version-history":[{"count":9,"href":"https:\/\/siondansait85.fr\/index.php\/wp-json\/wp\/v2\/pages\/66\/revisions"}],"predecessor-version":[{"id":467,"href":"https:\/\/siondansait85.fr\/index.php\/wp-json\/wp\/v2\/pages\/66\/revisions\/467"}],"wp:attachment":[{"href":"https:\/\/siondansait85.fr\/index.php\/wp-json\/wp\/v2\/media?parent=66"}],"curies":[{"name":"wp","href":"https:\/\/api.w.org\/{rel}","templated":true}]}}