{"id":73,"date":"2019-08-15T22:38:00","date_gmt":"2019-08-15T20:38:00","guid":{"rendered":"http:\/\/siondansait85.fr\/?page_id=73"},"modified":"2023-08-18T10:50:54","modified_gmt":"2023-08-18T08:50:54","slug":"tarifs","status":"publish","type":"page","link":"https:\/\/siondansait85.fr\/index.php\/tarifs\/","title":{"rendered":"Tarifs"},"content":{"rendered":"\n<blink><p style=\"text-align: center;\"><strong><span style=\"color: #ff0000;\"><font size=\"+1\">VOTRE PREMIER COURS D&rsquo;ESSAI EST GRATUIT !<\/font><\/span><\/strong><\/p><\/blink>\n\n\n<p style=\"text-align: center;\"><strong>Dur\u00e9e des cours : 1h30 \/ Nombre de cours ann\u00e9e 2023-2024 : 29<\/strong><\/p>\n<ul>\n<li>80\u20ac pour une personne, paiement possible en une 80\u20ac ou deux fois 40\u20ac + 40\u20ac<\/li>\n<li>160\u20ac pour deux personnes, paiement possible en une fois 160\u20ac, deux fois 80\u20ac + 80\u20ac ou en trois fois 54\u20ac + 53\u20ac + 53\u20ac<\/li>\n<li>60\u20ac pour les \u00e9tudiants et\/ou moins de 25 ans, paiement possible en une fois 60\u20ac ou deux fois 30\u20ac + 30\u20ac<\/li>\n<\/ul>\n<p>Les r\u00e8glements sont possibles en ch\u00e8que ou en esp\u00e8ce.<\/p>\n<p style=\"text-align: center;\"><strong>Pour les r\u00e8glements en plusieurs fois sans frais additionnels<\/strong><\/p>\n<p style=\"text-align: left;\">Les ch\u00e8ques seront d\u00e9pos\u00e9s en banque aux dates suivantes :<br \/><span style=\"font-size: 1rem;\">Paiement en 1 fois : mi-septembre 2023<br \/>Paiement en 2 fois : mi-septembre 2023 puis mi-novembre 2023<br \/>Paiement en 3 fois : mi-septembre 2023, mi-novembre 2023 puis janvier 2024<\/span><\/p>","protected":false},"excerpt":{"rendered":"<p>VOTRE PREMIER COURS D&rsquo;ESSAI EST GRATUIT ! Dur\u00e9e des cours : 1h30 \/ Nombre de cours ann\u00e9e 2023-2024 : 29 80\u20ac pour une personne, paiement possible en une 80\u20ac ou deux fois 40\u20ac + 40\u20ac 160\u20ac pour deux personnes, paiement possible en une fois 160\u20ac, deux fois 80\u20ac + 80\u20ac ou en trois fois 54\u20ac &hellip; <\/p>\n<p class=\"link-more\"><a href=\"https:\/\/siondansait85.fr\/index.php\/tarifs\/\" class=\"more-link\">Continuer la lecture<span class=\"screen-reader-text\"> de &laquo;&nbsp;Tarifs&nbsp;&raquo;<\/span><\/a><\/p>\n","protected":false},"author":1,"featured_media":0,"parent":0,"menu_order":0,"comment_status":"closed","ping_status":"closed","template":"","meta":[],"_links":{"self":[{"href":"https:\/\/siondansait85.fr\/index.php\/wp-json\/wp\/v2\/pages\/73"}],"collection":[{"href":"https:\/\/siondansait85.fr\/index.php\/wp-json\/wp\/v2\/pages"}],"about":[{"href":"https:\/\/siondansait85.fr\/index.php\/wp-json\/wp\/v2\/types\/page"}],"author":[{"embeddable":true,"href":"https:\/\/siondansait85.fr\/index.php\/wp-json\/wp\/v2\/users\/1"}],"replies":[{"embeddable":true,"href":"https:\/\/siondansait85.fr\/index.php\/wp-json\/wp\/v2\/comments?post=73"}],"version-history":[{"count":17,"href":"https:\/\/siondansait85.fr\/index.php\/wp-json\/wp\/v2\/pages\/73\/revisions"}],"predecessor-version":[{"id":458,"href":"https:\/\/siondansait85.fr\/index.php\/wp-json\/wp\/v2\/pages\/73\/revisions\/458"}],"wp:attachment":[{"href":"https:\/\/siondansait85.fr\/index.php\/wp-json\/wp\/v2\/media?parent=73"}],"curies":[{"name":"wp","href":"https:\/\/api.w.org\/{rel}","templated":true}]}}