{"id":8,"date":"2019-08-15T21:26:35","date_gmt":"2019-08-15T19:26:35","guid":{"rendered":"http:\/\/siondansait85.fr\/?page_id=8"},"modified":"2023-08-18T09:42:58","modified_gmt":"2023-08-18T07:42:58","slug":"accueil","status":"publish","type":"page","link":"https:\/\/siondansait85.fr\/","title":{"rendered":"Bienvenue \u00e0 toutes et \u00e0 tous sur le site de notre association"},"content":{"rendered":"\n<hr class=\"wp-block-separator has-css-opacity\"\/>\n\n\n\n<p class=\"has-text-align-center has-large-font-size\"><strong>Et&#8230; Si on dansait ?!<\/strong><\/p>\n\n\n\n<div class=\"wp-container-3 wp-block-columns\">\n<div class=\"wp-container-1 wp-block-column\" style=\"flex-basis:66.66%\">\n<p class=\"has-text-align-left\">\u00ab\u00a0Si on dansait\u00a0\u00bb est une <strong>association de danses latines et de salon<\/strong>, cr\u00e9\u00e9e \u00e0 <strong>Fontenay-le-Comte<\/strong> (85) en 1999, qui vous invite \u00e0 d\u00e9couvrir une activit\u00e9 dynamique sur tous styles musicaux.<\/p>\n\n\n\n<p class=\"has-text-align-left\">D\u00e8s la premi\u00e8re ann\u00e9e vous aborderez le<strong> Tango,  la Valse, le Rock, le Cha Cha, le Paso doble et plusieurs danses en ligne. <\/strong><\/p>\n\n\n\n<p class=\"has-text-align-left\">Les ann\u00e9es suivantes, ces danses sont perfectionn\u00e9es et d\u00e9velopp\u00e9es. De nouvelles danses vous seront enseign\u00e9es comme <strong>la Salsa, la Rumba et bien d&rsquo;autres encore\u2026 <\/strong><\/p>\n<\/div>\n\n\n\n<div class=\"wp-container-2 wp-block-column\" style=\"flex-basis:33.33%\">\n<figure class=\"wp-block-image size-large is-style-default\"><img loading=\"lazy\" width=\"681\" height=\"1024\" src=\"https:\/\/siondansait85.fr\/wp-content\/uploads\/2023\/08\/Couple-danse-681x1024.jpg\" alt=\"\" class=\"wp-image-431\" srcset=\"https:\/\/siondansait85.fr\/wp-content\/uploads\/2023\/08\/Couple-danse-681x1024.jpg 681w, https:\/\/siondansait85.fr\/wp-content\/uploads\/2023\/08\/Couple-danse-199x300.jpg 199w, https:\/\/siondansait85.fr\/wp-content\/uploads\/2023\/08\/Couple-danse-768x1156.jpg 768w, https:\/\/siondansait85.fr\/wp-content\/uploads\/2023\/08\/Couple-danse-1021x1536.jpg 1021w, https:\/\/siondansait85.fr\/wp-content\/uploads\/2023\/08\/Couple-danse.jpg 1167w\" sizes=\"(max-width: 681px) 100vw, 681px\" \/><figcaption>Danse en couple<\/figcaption><\/figure>\n<\/div>\n<\/div>\n\n\n\n<p class=\"has-text-align-center\">Notre association&nbsp;rassemble de <strong>nombreuses g\u00e9n\u00e9rations.<\/strong> Nous vous accueillons \u00e0 partir de 15 ans, dans une ambiance bienveillante et dynamique.<\/p>\n\n\n\n<div class=\"wp-container-6 wp-block-columns\">\n<div class=\"wp-container-4 wp-block-column\" style=\"flex-basis:66.66%\">\n<figure class=\"wp-block-image size-large\"><img loading=\"lazy\" width=\"1024\" height=\"552\" src=\"http:\/\/siondansait85.fr\/wp-content\/uploads\/2023\/08\/Danse-en-ligne-1024x552.jpg\" alt=\"\" class=\"wp-image-432\" srcset=\"https:\/\/siondansait85.fr\/wp-content\/uploads\/2023\/08\/Danse-en-ligne-1024x552.jpg 1024w, https:\/\/siondansait85.fr\/wp-content\/uploads\/2023\/08\/Danse-en-ligne-300x162.jpg 300w, https:\/\/siondansait85.fr\/wp-content\/uploads\/2023\/08\/Danse-en-ligne-768x414.jpg 768w, https:\/\/siondansait85.fr\/wp-content\/uploads\/2023\/08\/Danse-en-ligne.jpg 1200w\" sizes=\"(max-width: 706px) 89vw, (max-width: 767px) 82vw, 740px\" \/><figcaption>Danse en ligne<\/figcaption><\/figure>\n<\/div>\n\n\n\n<div class=\"wp-container-5 wp-block-column\" style=\"flex-basis:33.33%\">\n<p>Les danses en lignes vous permettent de <strong>pratiquer individuellement<\/strong> diff\u00e9rentes chor\u00e9graphies. Vous aurez la possibilit\u00e9 d&rsquo;apprendre en toute convivialit\u00e9. <\/p>\n<\/div>\n<\/div>\n\n\n\n<hr class=\"wp-block-separator has-alpha-channel-opacity is-style-default\"\/>\n\n\n\n<p><strong>Plusieurs soir\u00e9es sont organis\u00e9es au cours de l\u2019ann\u00e9e. <\/strong>Ces \u00e9v\u00e8nements vous permettront de rencontrer tous les adh\u00e9rents des diff\u00e9rents niveaux et de partager vos savoirs. <\/p>\n\n\n\n<figure class=\"wp-block-image size-large\"><img loading=\"lazy\" width=\"1024\" height=\"518\" src=\"http:\/\/siondansait85.fr\/wp-content\/uploads\/2023\/08\/IMG_6269-1024x518.jpg\" alt=\"\" class=\"wp-image-435\" srcset=\"https:\/\/siondansait85.fr\/wp-content\/uploads\/2023\/08\/IMG_6269-1024x518.jpg 1024w, https:\/\/siondansait85.fr\/wp-content\/uploads\/2023\/08\/IMG_6269-300x152.jpg 300w, https:\/\/siondansait85.fr\/wp-content\/uploads\/2023\/08\/IMG_6269-768x388.jpg 768w, https:\/\/siondansait85.fr\/wp-content\/uploads\/2023\/08\/IMG_6269-1536x776.jpg 1536w, https:\/\/siondansait85.fr\/wp-content\/uploads\/2023\/08\/IMG_6269-2048x1035.jpg 2048w\" sizes=\"(max-width: 706px) 89vw, (max-width: 767px) 82vw, 740px\" \/><figcaption>Assembl\u00e9e g\u00e9n\u00e9rale du 9 juin 2022 (nous d\u00e9plorons de nombreux absents)<\/figcaption><\/figure>\n\n\n\n<p>Ce sont <strong>des rendez-vous festifs<\/strong> tr\u00e8s attendu o\u00f9 l\u2019on danse dans une super ambiance. L&rsquo;occasion pour vous de montrer vos progr\u00e8s ou d&rsquo;observer les techniques d&rsquo;autrui.<\/p>\n\n\n\n<p class=\"has-text-align-center\">Que vous choisissiez de venir <strong>nous rejoindre en couple ou en solo<\/strong>, vous trouverez assur\u00e9ment des partenaires lors de nos entrainements. Les personnes du bureau seront ravies de vous encadrer pour l&rsquo;apprentissage des techniques des diff\u00e9rentes danses. Nous serons tous ravis de vous accueillir parmi nous. <\/p>\n\n\n\n<p class=\"has-text-align-center has-medium-font-size\">Vous souhaitez pratiquer la danse de salon ? Alors n&rsquo;h\u00e9sitez plus&#8230; <\/p>\n\n\n\n<p class=\"has-text-align-center has-medium-font-size\"><strong><a href=\"https:\/\/siondansait85.fr\/index.php\/contact\/\">Rejoignez-nous !<\/a><\/strong><\/p>\n\n\n\n<figure class=\"wp-block-image size-full\"><img loading=\"lazy\" width=\"1000\" height=\"666\" src=\"https:\/\/siondansait85.fr\/wp-content\/uploads\/2023\/08\/DANSE-1.jpg\" alt=\"\" class=\"wp-image-437\" srcset=\"https:\/\/siondansait85.fr\/wp-content\/uploads\/2023\/08\/DANSE-1.jpg 1000w, https:\/\/siondansait85.fr\/wp-content\/uploads\/2023\/08\/DANSE-1-300x200.jpg 300w, https:\/\/siondansait85.fr\/wp-content\/uploads\/2023\/08\/DANSE-1-768x511.jpg 768w\" sizes=\"(max-width: 706px) 89vw, (max-width: 767px) 82vw, 740px\" \/><figcaption>Diner dansant du 8 avril 2023 \u00e0 la salle des OPS de Fontenay-le-Comte<\/figcaption><\/figure>\n","protected":false},"excerpt":{"rendered":"<p>Et&#8230; Si on dansait ?! \u00ab\u00a0Si on dansait\u00a0\u00bb est une association de danses latines et de salon, cr\u00e9\u00e9e \u00e0 Fontenay-le-Comte (85) en 1999, qui vous invite \u00e0 d\u00e9couvrir une activit\u00e9 dynamique sur tous styles musicaux. D\u00e8s la premi\u00e8re ann\u00e9e vous aborderez le Tango, la Valse, le Rock, le Cha Cha, le Paso doble et plusieurs &hellip; <\/p>\n<p class=\"link-more\"><a href=\"https:\/\/siondansait85.fr\/\" class=\"more-link\">Continuer la lecture<span class=\"screen-reader-text\"> de &laquo;&nbsp;Bienvenue \u00e0 toutes et \u00e0 tous sur le site de notre association&nbsp;&raquo;<\/span><\/a><\/p>\n","protected":false},"author":1,"featured_media":0,"parent":0,"menu_order":0,"comment_status":"closed","ping_status":"closed","template":"","meta":[],"_links":{"self":[{"href":"https:\/\/siondansait85.fr\/index.php\/wp-json\/wp\/v2\/pages\/8"}],"collection":[{"href":"https:\/\/siondansait85.fr\/index.php\/wp-json\/wp\/v2\/pages"}],"about":[{"href":"https:\/\/siondansait85.fr\/index.php\/wp-json\/wp\/v2\/types\/page"}],"author":[{"embeddable":true,"href":"https:\/\/siondansait85.fr\/index.php\/wp-json\/wp\/v2\/users\/1"}],"replies":[{"embeddable":true,"href":"https:\/\/siondansait85.fr\/index.php\/wp-json\/wp\/v2\/comments?post=8"}],"version-history":[{"count":51,"href":"https:\/\/siondansait85.fr\/index.php\/wp-json\/wp\/v2\/pages\/8\/revisions"}],"predecessor-version":[{"id":439,"href":"https:\/\/siondansait85.fr\/index.php\/wp-json\/wp\/v2\/pages\/8\/revisions\/439"}],"wp:attachment":[{"href":"https:\/\/siondansait85.fr\/index.php\/wp-json\/wp\/v2\/media?parent=8"}],"curies":[{"name":"wp","href":"https:\/\/api.w.org\/{rel}","templated":true}]}}