{"id":88,"date":"2022-07-19T00:00:45","date_gmt":"2022-07-18T22:00:45","guid":{"rendered":"http:\/\/siondansait85.fr\/?page_id=88"},"modified":"2023-08-18T06:53:57","modified_gmt":"2023-08-18T04:53:57","slug":"planning-2","status":"publish","type":"page","link":"https:\/\/siondansait85.fr\/index.php\/planning-2\/","title":{"rendered":"Planning des cours"},"content":{"rendered":"\n<h2 class=\"has-text-align-center has-large-font-size\"><strong>AGENDA 2022 &#8211; 2023<\/strong><\/h2>\n\n\n\n<p class=\"has-text-align-center\">Les dates sont indiqu\u00e9es en vert. Retrouvez l&rsquo;adresse des salles en cliquant <em>ici<\/em><\/p>\n\n\n\n<div class=\"wp-container-1 is-content-justification-center is-nowrap wp-block-group\">\n<p class=\"has-text-align-center\">Le groupe <strong>d\u00e9butant<\/strong> est repr\u00e9sent\u00e9 en orange<\/p>\n\n\n\n<p class=\"has-text-align-center\">Le groupe <strong>interm\u00e9diaire<\/strong> est repr\u00e9sent\u00e9 <br>en vert<\/p>\n\n\n\n<p class=\"has-text-align-center\">Le groupe <strong>Perfectionnement 1 <\/strong>est repr\u00e9sent\u00e9 <br>en violet<\/p>\n\n\n\n<p class=\"has-text-align-center\">Le groupe <strong>Perfectionnement 2 <\/strong>est repr\u00e9sent\u00e9 <br>en rose<\/p>\n<\/div>\n\n\n\n<div style=\"height:28px\" aria-hidden=\"true\" class=\"wp-block-spacer\"><\/div>\n\n\n\n<div class=\"wp-container-5 wp-block-columns\">\n<div class=\"wp-container-2 wp-block-column\">\n<figure class=\"wp-block-image size-full\"><img loading=\"lazy\" width=\"420\" height=\"844\" src=\"https:\/\/siondansait85.fr\/wp-content\/uploads\/2023\/08\/1.jpg\" alt=\"\" class=\"wp-image-402\" srcset=\"https:\/\/siondansait85.fr\/wp-content\/uploads\/2023\/08\/1.jpg 420w, https:\/\/siondansait85.fr\/wp-content\/uploads\/2023\/08\/1-149x300.jpg 149w\" sizes=\"(max-width: 420px) 100vw, 420px\" \/><\/figure>\n<\/div>\n\n\n\n<div class=\"wp-container-3 wp-block-column\">\n<figure class=\"wp-block-image size-full\"><img loading=\"lazy\" width=\"423\" height=\"739\" src=\"https:\/\/siondansait85.fr\/wp-content\/uploads\/2023\/08\/2.jpg\" alt=\"\" class=\"wp-image-403\" srcset=\"https:\/\/siondansait85.fr\/wp-content\/uploads\/2023\/08\/2.jpg 423w, https:\/\/siondansait85.fr\/wp-content\/uploads\/2023\/08\/2-172x300.jpg 172w\" sizes=\"(max-width: 423px) 100vw, 423px\" \/><\/figure>\n<\/div>\n\n\n\n<div class=\"wp-container-4 wp-block-column\">\n<figure class=\"wp-block-image size-full\"><img loading=\"lazy\" width=\"420\" height=\"962\" src=\"https:\/\/siondansait85.fr\/wp-content\/uploads\/2023\/08\/3.jpg\" alt=\"\" class=\"wp-image-404\" srcset=\"https:\/\/siondansait85.fr\/wp-content\/uploads\/2023\/08\/3.jpg 420w, https:\/\/siondansait85.fr\/wp-content\/uploads\/2023\/08\/3-131x300.jpg 131w\" sizes=\"(max-width: 420px) 100vw, 420px\" \/><\/figure>\n<\/div>\n<\/div>\n\n\n\n<div class=\"wp-container-9 wp-block-columns\">\n<div class=\"wp-container-6 wp-block-column\">\n<figure class=\"wp-block-image size-full\"><img loading=\"lazy\" width=\"421\" height=\"853\" src=\"https:\/\/siondansait85.fr\/wp-content\/uploads\/2023\/08\/4.jpg\" alt=\"\" class=\"wp-image-405\" srcset=\"https:\/\/siondansait85.fr\/wp-content\/uploads\/2023\/08\/4.jpg 421w, https:\/\/siondansait85.fr\/wp-content\/uploads\/2023\/08\/4-148x300.jpg 148w\" sizes=\"(max-width: 421px) 100vw, 421px\" \/><\/figure>\n<\/div>\n\n\n\n<div class=\"wp-container-7 wp-block-column\">\n<figure class=\"wp-block-image size-full\"><img loading=\"lazy\" width=\"421\" height=\"855\" src=\"https:\/\/siondansait85.fr\/wp-content\/uploads\/2023\/08\/5.jpg\" alt=\"\" class=\"wp-image-406\" srcset=\"https:\/\/siondansait85.fr\/wp-content\/uploads\/2023\/08\/5.jpg 421w, https:\/\/siondansait85.fr\/wp-content\/uploads\/2023\/08\/5-148x300.jpg 148w\" sizes=\"(max-width: 421px) 100vw, 421px\" \/><\/figure>\n<\/div>\n\n\n\n<div class=\"wp-container-8 wp-block-column\">\n<figure class=\"wp-block-image size-full\"><img loading=\"lazy\" width=\"421\" height=\"886\" src=\"https:\/\/siondansait85.fr\/wp-content\/uploads\/2023\/08\/6.jpg\" alt=\"\" class=\"wp-image-408\" srcset=\"https:\/\/siondansait85.fr\/wp-content\/uploads\/2023\/08\/6.jpg 421w, https:\/\/siondansait85.fr\/wp-content\/uploads\/2023\/08\/6-143x300.jpg 143w\" sizes=\"(max-width: 421px) 100vw, 421px\" \/><\/figure>\n<\/div>\n<\/div>\n\n\n\n<div class=\"wp-container-13 wp-block-columns\">\n<div class=\"wp-container-10 wp-block-column\">\n<figure class=\"wp-block-image size-full\"><img loading=\"lazy\" width=\"424\" height=\"887\" src=\"https:\/\/siondansait85.fr\/wp-content\/uploads\/2023\/08\/7.jpg\" alt=\"\" class=\"wp-image-409\" srcset=\"https:\/\/siondansait85.fr\/wp-content\/uploads\/2023\/08\/7.jpg 424w, https:\/\/siondansait85.fr\/wp-content\/uploads\/2023\/08\/7-143x300.jpg 143w\" sizes=\"(max-width: 424px) 100vw, 424px\" \/><\/figure>\n<\/div>\n\n\n\n<div class=\"wp-container-11 wp-block-column\">\n<figure class=\"wp-block-image size-full\"><img loading=\"lazy\" width=\"425\" height=\"767\" src=\"https:\/\/siondansait85.fr\/wp-content\/uploads\/2023\/08\/8.jpg\" alt=\"\" class=\"wp-image-410\" srcset=\"https:\/\/siondansait85.fr\/wp-content\/uploads\/2023\/08\/8.jpg 425w, https:\/\/siondansait85.fr\/wp-content\/uploads\/2023\/08\/8-166x300.jpg 166w\" sizes=\"(max-width: 425px) 100vw, 425px\" \/><\/figure>\n<\/div>\n\n\n\n<div class=\"wp-container-12 wp-block-column\">\n<figure class=\"wp-block-image size-full\"><img loading=\"lazy\" width=\"423\" height=\"942\" src=\"https:\/\/siondansait85.fr\/wp-content\/uploads\/2023\/08\/9.jpg\" alt=\"\" class=\"wp-image-411\" srcset=\"https:\/\/siondansait85.fr\/wp-content\/uploads\/2023\/08\/9.jpg 423w, https:\/\/siondansait85.fr\/wp-content\/uploads\/2023\/08\/9-135x300.jpg 135w\" sizes=\"(max-width: 423px) 100vw, 423px\" \/><\/figure>\n<\/div>\n<\/div>\n\n\n\n<div class=\"wp-container-17 wp-block-columns\">\n<div class=\"wp-container-14 wp-block-column\"><\/div>\n\n\n\n<div class=\"wp-container-15 wp-block-column\">\n<figure class=\"wp-block-image size-full\"><img loading=\"lazy\" width=\"420\" height=\"300\" src=\"https:\/\/siondansait85.fr\/wp-content\/uploads\/2023\/08\/10.jpg\" alt=\"\" class=\"wp-image-412\" srcset=\"https:\/\/siondansait85.fr\/wp-content\/uploads\/2023\/08\/10.jpg 420w, https:\/\/siondansait85.fr\/wp-content\/uploads\/2023\/08\/10-300x214.jpg 300w\" sizes=\"(max-width: 420px) 100vw, 420px\" \/><\/figure>\n<\/div>\n\n\n\n<div class=\"wp-container-16 wp-block-column\"><\/div>\n<\/div>\n","protected":false},"excerpt":{"rendered":"<p>AGENDA 2022 &#8211; 2023 Les dates sont indiqu\u00e9es en vert. Retrouvez l&rsquo;adresse des salles en cliquant ici Le groupe d\u00e9butant est repr\u00e9sent\u00e9 en orange Le groupe interm\u00e9diaire est repr\u00e9sent\u00e9 en vert Le groupe Perfectionnement 1 est repr\u00e9sent\u00e9 en violet Le groupe Perfectionnement 2 est repr\u00e9sent\u00e9 en rose<\/p>\n","protected":false},"author":1,"featured_media":0,"parent":0,"menu_order":0,"comment_status":"closed","ping_status":"closed","template":"","meta":[],"_links":{"self":[{"href":"https:\/\/siondansait85.fr\/index.php\/wp-json\/wp\/v2\/pages\/88"}],"collection":[{"href":"https:\/\/siondansait85.fr\/index.php\/wp-json\/wp\/v2\/pages"}],"about":[{"href":"https:\/\/siondansait85.fr\/index.php\/wp-json\/wp\/v2\/types\/page"}],"author":[{"embeddable":true,"href":"https:\/\/siondansait85.fr\/index.php\/wp-json\/wp\/v2\/users\/1"}],"replies":[{"embeddable":true,"href":"https:\/\/siondansait85.fr\/index.php\/wp-json\/wp\/v2\/comments?post=88"}],"version-history":[{"count":17,"href":"https:\/\/siondansait85.fr\/index.php\/wp-json\/wp\/v2\/pages\/88\/revisions"}],"predecessor-version":[{"id":413,"href":"https:\/\/siondansait85.fr\/index.php\/wp-json\/wp\/v2\/pages\/88\/revisions\/413"}],"wp:attachment":[{"href":"https:\/\/siondansait85.fr\/index.php\/wp-json\/wp\/v2\/media?parent=88"}],"curies":[{"name":"wp","href":"https:\/\/api.w.org\/{rel}","templated":true}]}}